{"id":11872,"date":"2023-01-06T15:40:12","date_gmt":"2023-01-06T14:40:12","guid":{"rendered":"https:\/\/kazimierczakclinic.pl\/en\/?page_id=11872"},"modified":"2023-11-15T23:17:45","modified_gmt":"2023-11-15T22:17:45","slug":"supportive-procedures","status":"publish","type":"page","link":"https:\/\/kazimierczakclinic.pl\/en\/supportive-procedures\/","title":{"rendered":"Supportive procedures"},"content":{"rendered":"\t\t<div data-elementor-type=\"wp-page\" data-elementor-id=\"11872\" class=\"elementor elementor-11872\">\n\t\t\t\t\n\t\t<section class=\"elementor-section elementor-top-section elementor-element elementor-element-7743492 elementor-section-full_width elementor-section-stretched elementor-hidden-tablet elementor-section-height-default elementor-section-height-default\" data-id=\"7743492\" data-element_type=\"section\" data-settings=\"{&quot;stretch_section&quot;:&quot;section-stretched&quot;,&quot;background_background&quot;:&quot;classic&quot;}\">\n\t\t\t\t\t\t<div class=\"elementor-container elementor-column-gap-default\">\n\t\t\t\t\t<div class=\"elementor-column elementor-col-100 elementor-top-column elementor-element elementor-element-1040bbc\" data-id=\"1040bbc\" data-element_type=\"column\">\n\t\t\t<div class=\"elementor-widget-wrap elementor-element-populated\">\n\t\t\t\t\t\t<div class=\"elementor-element elementor-element-899dc6f elementor-widget elementor-widget-spacer\" data-id=\"899dc6f\" data-element_type=\"widget\" data-widget_type=\"spacer.default\">\n\t\t\t\t<div class=\"elementor-widget-container\">\n\t\t\t\t\t\t\t<div class=\"elementor-spacer\">\n\t\t\t<div class=\"elementor-spacer-inner\"><\/div>\n\t\t<\/div>\n\t\t\t\t\t\t<\/div>\n\t\t\t\t<\/div>\n\t\t\t\t<section class=\"elementor-section elementor-inner-section elementor-element elementor-element-c345294 elementor-section-boxed elementor-section-height-default elementor-section-height-default\" data-id=\"c345294\" data-element_type=\"section\">\n\t\t\t\t\t\t<div class=\"elementor-container elementor-column-gap-default\">\n\t\t\t\t\t<div class=\"elementor-column elementor-col-100 elementor-inner-column elementor-element elementor-element-6b16346\" data-id=\"6b16346\" data-element_type=\"column\">\n\t\t\t<div class=\"elementor-widget-wrap elementor-element-populated\">\n\t\t\t\t\t\t<div class=\"elementor-element elementor-element-f195362 elementor-widget elementor-widget-spacer\" data-id=\"f195362\" data-element_type=\"widget\" data-widget_type=\"spacer.default\">\n\t\t\t\t<div class=\"elementor-widget-container\">\n\t\t\t\t\t\t\t<div class=\"elementor-spacer\">\n\t\t\t<div class=\"elementor-spacer-inner\"><\/div>\n\t\t<\/div>\n\t\t\t\t\t\t<\/div>\n\t\t\t\t<\/div>\n\t\t\t\t<div class=\"elementor-element elementor-element-501c5e1 animated-fast elementor-hidden-mobile align-left elementor-invisible elementor-widget elementor-widget-mae-headings\" data-id=\"501c5e1\" data-element_type=\"widget\" data-settings=\"{&quot;_animation&quot;:&quot;fadeInUp&quot;,&quot;_animation_delay&quot;:200}\" data-widget_type=\"mae-headings.default\">\n\t\t\t\t<div class=\"elementor-widget-container\">\n\t\t\t\t\t\t\t<div class=\"master-heading\">\n\t        \n\t        \n\t        \n\t        \t            <div class=\"sub-heading\">Sometimes orthodontic treatment requires additional necessary procedures to achieve the desired results. At Kazimierczak Orthodontics and Radiology, we operate in an interdisciplinary manner, and all such procedures are performed on-site, in our clinic.<\/div>\n\t        \t    <\/div>\n\t    \t\t\t\t<\/div>\n\t\t\t\t<\/div>\n\t\t\t\t<div class=\"elementor-element elementor-element-d0addb8 elementor-hidden-desktop elementor-hidden-tablet elementor-widget elementor-widget-spacer\" data-id=\"d0addb8\" data-element_type=\"widget\" data-widget_type=\"spacer.default\">\n\t\t\t\t<div class=\"elementor-widget-container\">\n\t\t\t\t\t\t\t<div class=\"elementor-spacer\">\n\t\t\t<div class=\"elementor-spacer-inner\"><\/div>\n\t\t<\/div>\n\t\t\t\t\t\t<\/div>\n\t\t\t\t<\/div>\n\t\t\t\t<div class=\"elementor-element elementor-element-8b42fbe elementor-widget elementor-widget-spacer\" data-id=\"8b42fbe\" data-element_type=\"widget\" data-widget_type=\"spacer.default\">\n\t\t\t\t<div class=\"elementor-widget-container\">\n\t\t\t\t\t\t\t<div class=\"elementor-spacer\">\n\t\t\t<div class=\"elementor-spacer-inner\"><\/div>\n\t\t<\/div>\n\t\t\t\t\t\t<\/div>\n\t\t\t\t<\/div>\n\t\t\t\t\t<\/div>\n\t\t<\/div>\n\t\t\t\t\t<\/div>\n\t\t<\/section>\n\t\t\t\t<div class=\"elementor-element elementor-element-757ad7c elementor-widget elementor-widget-spacer\" data-id=\"757ad7c\" data-element_type=\"widget\" data-widget_type=\"spacer.default\">\n\t\t\t\t<div class=\"elementor-widget-container\">\n\t\t\t\t\t\t\t<div class=\"elementor-spacer\">\n\t\t\t<div class=\"elementor-spacer-inner\"><\/div>\n\t\t<\/div>\n\t\t\t\t\t\t<\/div>\n\t\t\t\t<\/div>\n\t\t\t\t\t<\/div>\n\t\t<\/div>\n\t\t\t\t\t<\/div>\n\t\t<\/section>\n\t\t\t\t<section class=\"elementor-section elementor-top-section elementor-element elementor-element-ebd7320 elementor-section-full_width elementor-section-stretched elementor-hidden-desktop elementor-hidden-tablet elementor-section-height-default elementor-section-height-default\" data-id=\"ebd7320\" data-element_type=\"section\" data-settings=\"{&quot;stretch_section&quot;:&quot;section-stretched&quot;,&quot;background_background&quot;:&quot;classic&quot;}\">\n\t\t\t\t\t\t<div class=\"elementor-container elementor-column-gap-default\">\n\t\t\t\t\t<div class=\"elementor-column elementor-col-100 elementor-top-column elementor-element elementor-element-6163a96\" data-id=\"6163a96\" data-element_type=\"column\">\n\t\t\t<div class=\"elementor-widget-wrap elementor-element-populated\">\n\t\t\t\t\t\t<div class=\"elementor-element elementor-element-8a7acc0 elementor-widget elementor-widget-spacer\" data-id=\"8a7acc0\" data-element_type=\"widget\" data-widget_type=\"spacer.default\">\n\t\t\t\t<div class=\"elementor-widget-container\">\n\t\t\t\t\t\t\t<div class=\"elementor-spacer\">\n\t\t\t<div class=\"elementor-spacer-inner\"><\/div>\n\t\t<\/div>\n\t\t\t\t\t\t<\/div>\n\t\t\t\t<\/div>\n\t\t\t\t<section class=\"elementor-section elementor-inner-section elementor-element elementor-element-14de93f elementor-section-boxed elementor-section-height-default elementor-section-height-default\" data-id=\"14de93f\" data-element_type=\"section\">\n\t\t\t\t\t\t<div class=\"elementor-container elementor-column-gap-default\">\n\t\t\t\t\t<div class=\"elementor-column elementor-col-100 elementor-inner-column elementor-element elementor-element-58a2f98\" data-id=\"58a2f98\" data-element_type=\"column\">\n\t\t\t<div class=\"elementor-widget-wrap elementor-element-populated\">\n\t\t\t\t\t\t<div class=\"elementor-element elementor-element-828b6f9 elementor-widget elementor-widget-spacer\" data-id=\"828b6f9\" data-element_type=\"widget\" data-widget_type=\"spacer.default\">\n\t\t\t\t<div class=\"elementor-widget-container\">\n\t\t\t\t\t\t\t<div class=\"elementor-spacer\">\n\t\t\t<div class=\"elementor-spacer-inner\"><\/div>\n\t\t<\/div>\n\t\t\t\t\t\t<\/div>\n\t\t\t\t<\/div>\n\t\t\t\t<div class=\"elementor-element elementor-element-7713555 animated-fast align-left elementor-invisible elementor-widget elementor-widget-mae-headings\" data-id=\"7713555\" data-element_type=\"widget\" data-settings=\"{&quot;_animation&quot;:&quot;fadeInUp&quot;,&quot;_animation_delay&quot;:200}\" data-widget_type=\"mae-headings.default\">\n\t\t\t\t<div class=\"elementor-widget-container\">\n\t\t\t\t\t\t\t<div class=\"master-heading\">\n\t        \n\t        \n\t        \n\t        \t            <div class=\"sub-heading\">Czasami leczenie ortodontyczne wymaga dodatkowych, niezb\u0119dnych zabieg\u00f3w, kt\u00f3re umo\u017cliwiaj\u0105 osi\u0105gni\u0119cie po\u017c\u0105danych efekt\u00f3w. W Kazimierczak Ortodoncja i Radiologia dzia\u0142amy interdyscyplinarnie i wszystkie tego typu zabiegi przeprowadzane s\u0105 na miejscu, w naszym gabinecie.<\/div>\n\t        \t    <\/div>\n\t    \t\t\t\t<\/div>\n\t\t\t\t<\/div>\n\t\t\t\t<div class=\"elementor-element elementor-element-ac7134c elementor-widget elementor-widget-spacer\" data-id=\"ac7134c\" data-element_type=\"widget\" data-widget_type=\"spacer.default\">\n\t\t\t\t<div class=\"elementor-widget-container\">\n\t\t\t\t\t\t\t<div class=\"elementor-spacer\">\n\t\t\t<div class=\"elementor-spacer-inner\"><\/div>\n\t\t<\/div>\n\t\t\t\t\t\t<\/div>\n\t\t\t\t<\/div>\n\t\t\t\t\t<\/div>\n\t\t<\/div>\n\t\t\t\t\t<\/div>\n\t\t<\/section>\n\t\t\t\t<div class=\"elementor-element elementor-element-7d50ead elementor-widget elementor-widget-spacer\" data-id=\"7d50ead\" data-element_type=\"widget\" data-widget_type=\"spacer.default\">\n\t\t\t\t<div class=\"elementor-widget-container\">\n\t\t\t\t\t\t\t<div class=\"elementor-spacer\">\n\t\t\t<div class=\"elementor-spacer-inner\"><\/div>\n\t\t<\/div>\n\t\t\t\t\t\t<\/div>\n\t\t\t\t<\/div>\n\t\t\t\t\t<\/div>\n\t\t<\/div>\n\t\t\t\t\t<\/div>\n\t\t<\/section>\n\t\t\t\t<section class=\"elementor-section elementor-top-section elementor-element elementor-element-987eb58 elementor-section-full_width elementor-section-stretched elementor-hidden-desktop elementor-hidden-mobile elementor-section-height-default elementor-section-height-default\" data-id=\"987eb58\" data-element_type=\"section\" data-settings=\"{&quot;stretch_section&quot;:&quot;section-stretched&quot;,&quot;background_background&quot;:&quot;classic&quot;}\">\n\t\t\t\t\t\t<div class=\"elementor-container elementor-column-gap-default\">\n\t\t\t\t\t<div class=\"elementor-column elementor-col-100 elementor-top-column elementor-element elementor-element-2ba39fb\" data-id=\"2ba39fb\" data-element_type=\"column\">\n\t\t\t<div class=\"elementor-widget-wrap elementor-element-populated\">\n\t\t\t\t\t\t<div class=\"elementor-element elementor-element-ac25943 elementor-widget elementor-widget-spacer\" data-id=\"ac25943\" data-element_type=\"widget\" data-widget_type=\"spacer.default\">\n\t\t\t\t<div class=\"elementor-widget-container\">\n\t\t\t\t\t\t\t<div class=\"elementor-spacer\">\n\t\t\t<div class=\"elementor-spacer-inner\"><\/div>\n\t\t<\/div>\n\t\t\t\t\t\t<\/div>\n\t\t\t\t<\/div>\n\t\t\t\t<section class=\"elementor-section elementor-inner-section elementor-element elementor-element-f1ce26e elementor-section-boxed elementor-section-height-default elementor-section-height-default\" data-id=\"f1ce26e\" data-element_type=\"section\">\n\t\t\t\t\t\t<div class=\"elementor-container elementor-column-gap-default\">\n\t\t\t\t\t<div class=\"elementor-column elementor-col-50 elementor-inner-column elementor-element elementor-element-d5a1971\" data-id=\"d5a1971\" data-element_type=\"column\">\n\t\t\t<div class=\"elementor-widget-wrap elementor-element-populated\">\n\t\t\t\t\t\t<div class=\"elementor-element elementor-element-b8b4cb3 elementor-widget elementor-widget-spacer\" data-id=\"b8b4cb3\" data-element_type=\"widget\" data-widget_type=\"spacer.default\">\n\t\t\t\t<div class=\"elementor-widget-container\">\n\t\t\t\t\t\t\t<div class=\"elementor-spacer\">\n\t\t\t<div class=\"elementor-spacer-inner\"><\/div>\n\t\t<\/div>\n\t\t\t\t\t\t<\/div>\n\t\t\t\t<\/div>\n\t\t\t\t<div class=\"elementor-element elementor-element-f2a4550 elementor-hidden-desktop elementor-hidden-tablet elementor-widget elementor-widget-spacer\" data-id=\"f2a4550\" data-element_type=\"widget\" data-widget_type=\"spacer.default\">\n\t\t\t\t<div class=\"elementor-widget-container\">\n\t\t\t\t\t\t\t<div class=\"elementor-spacer\">\n\t\t\t<div class=\"elementor-spacer-inner\"><\/div>\n\t\t<\/div>\n\t\t\t\t\t\t<\/div>\n\t\t\t\t<\/div>\n\t\t\t\t<div class=\"elementor-element elementor-element-cd61c1e elementor-widget elementor-widget-spacer\" data-id=\"cd61c1e\" data-element_type=\"widget\" data-widget_type=\"spacer.default\">\n\t\t\t\t<div class=\"elementor-widget-container\">\n\t\t\t\t\t\t\t<div class=\"elementor-spacer\">\n\t\t\t<div class=\"elementor-spacer-inner\"><\/div>\n\t\t<\/div>\n\t\t\t\t\t\t<\/div>\n\t\t\t\t<\/div>\n\t\t\t\t\t<\/div>\n\t\t<\/div>\n\t\t\t\t<div class=\"elementor-column elementor-col-50 elementor-inner-column elementor-element elementor-element-0347b01\" data-id=\"0347b01\" data-element_type=\"column\">\n\t\t\t<div class=\"elementor-widget-wrap elementor-element-populated\">\n\t\t\t\t\t\t<div class=\"elementor-element elementor-element-aee6590 elementor-widget elementor-widget-spacer\" data-id=\"aee6590\" data-element_type=\"widget\" data-widget_type=\"spacer.default\">\n\t\t\t\t<div class=\"elementor-widget-container\">\n\t\t\t\t\t\t\t<div class=\"elementor-spacer\">\n\t\t\t<div class=\"elementor-spacer-inner\"><\/div>\n\t\t<\/div>\n\t\t\t\t\t\t<\/div>\n\t\t\t\t<\/div>\n\t\t\t\t<div class=\"elementor-element elementor-element-b203aa3 animated-fast elementor-hidden-mobile align-left elementor-invisible elementor-widget elementor-widget-mae-headings\" data-id=\"b203aa3\" data-element_type=\"widget\" data-settings=\"{&quot;_animation&quot;:&quot;fadeInUp&quot;,&quot;_animation_delay&quot;:200}\" data-widget_type=\"mae-headings.default\">\n\t\t\t\t<div class=\"elementor-widget-container\">\n\t\t\t\t\t\t\t<div class=\"master-heading\">\n\t        \n\t        \n\t        \n\t        \t            <div class=\"sub-heading\">Czasami leczenie ortodontyczne wymaga dodatkowych, niezb\u0119dnych zabieg\u00f3w, kt\u00f3re umo\u017cliwiaj\u0105 osi\u0105gni\u0119cie po\u017c\u0105danych efekt\u00f3w. W Kazimierczak Ortodoncja i Radiologia dzia\u0142amy interdyscyplinarnie i wszystkie tego typu zabiegi przeprowadzane s\u0105 na miejscu, w naszym gabinecie.<\/div>\n\t        \t    <\/div>\n\t    \t\t\t\t<\/div>\n\t\t\t\t<\/div>\n\t\t\t\t<div class=\"elementor-element elementor-element-ea6a27e elementor-hidden-desktop elementor-hidden-tablet elementor-widget elementor-widget-spacer\" data-id=\"ea6a27e\" data-element_type=\"widget\" data-widget_type=\"spacer.default\">\n\t\t\t\t<div class=\"elementor-widget-container\">\n\t\t\t\t\t\t\t<div class=\"elementor-spacer\">\n\t\t\t<div class=\"elementor-spacer-inner\"><\/div>\n\t\t<\/div>\n\t\t\t\t\t\t<\/div>\n\t\t\t\t<\/div>\n\t\t\t\t<div class=\"elementor-element elementor-element-e4709d7 elementor-widget elementor-widget-spacer\" data-id=\"e4709d7\" data-element_type=\"widget\" data-widget_type=\"spacer.default\">\n\t\t\t\t<div class=\"elementor-widget-container\">\n\t\t\t\t\t\t\t<div class=\"elementor-spacer\">\n\t\t\t<div class=\"elementor-spacer-inner\"><\/div>\n\t\t<\/div>\n\t\t\t\t\t\t<\/div>\n\t\t\t\t<\/div>\n\t\t\t\t\t<\/div>\n\t\t<\/div>\n\t\t\t\t\t<\/div>\n\t\t<\/section>\n\t\t\t\t<div class=\"elementor-element elementor-element-1310925 elementor-widget elementor-widget-spacer\" data-id=\"1310925\" data-element_type=\"widget\" data-widget_type=\"spacer.default\">\n\t\t\t\t<div class=\"elementor-widget-container\">\n\t\t\t\t\t\t\t<div class=\"elementor-spacer\">\n\t\t\t<div class=\"elementor-spacer-inner\"><\/div>\n\t\t<\/div>\n\t\t\t\t\t\t<\/div>\n\t\t\t\t<\/div>\n\t\t\t\t\t<\/div>\n\t\t<\/div>\n\t\t\t\t\t<\/div>\n\t\t<\/section>\n\t\t\t\t<section class=\"elementor-section elementor-top-section elementor-element elementor-element-ce4cb66 elementor-section-stretched elementor-section-boxed elementor-section-height-default elementor-section-height-default\" data-id=\"ce4cb66\" data-element_type=\"section\" data-settings=\"{&quot;stretch_section&quot;:&quot;section-stretched&quot;,&quot;background_background&quot;:&quot;classic&quot;}\">\n\t\t\t\t\t\t<div class=\"elementor-container elementor-column-gap-default\">\n\t\t\t\t\t<div class=\"elementor-column elementor-col-100 elementor-top-column elementor-element elementor-element-1c42734\" data-id=\"1c42734\" data-element_type=\"column\">\n\t\t\t<div class=\"elementor-widget-wrap elementor-element-populated\">\n\t\t\t\t\t\t<div class=\"elementor-element elementor-element-4475aa9 animated-fast align-center elementor-invisible elementor-widget elementor-widget-mae-headings\" data-id=\"4475aa9\" data-element_type=\"widget\" data-settings=\"{&quot;_animation&quot;:&quot;fadeInUp&quot;,&quot;_animation_delay&quot;:200}\" data-widget_type=\"mae-headings.default\">\n\t\t\t\t<div class=\"elementor-widget-container\">\n\t\t\t\t\t\t\t<div class=\"master-heading\">\n\t        \n\t        \t        <h2 class=\"main-heading\"data-splitting>PLACEMENT OF ORTHODONTIC MICROIMPLANTS<\/h2>\n\t        \n\t        \n\t        \t            <div class=\"sub-heading\">During orthodontic therapy, there may be a need to introduce additional anchorage points into the bone, called microimplants, which enable effective and precise movement of specific teeth or groups of teeth without putting unnecessary strain on the remaining teeth in the arch. They are also used in cases of missing teeth, as without them, the treatment would not be possible at all. Microimplants are inserted temporarily, only for the duration of the orthodontic treatment. The surgeon places them in the bone during a short procedure under local anesthesia. They are most often painlessly removed by the orthodontist during an activation visit.<\/div>\n\t        \t    <\/div>\n\t    \t\t\t\t<\/div>\n\t\t\t\t<\/div>\n\t\t\t\t<div class=\"elementor-element elementor-element-f47f199 animated-fast align-center elementor-invisible elementor-widget elementor-widget-mae-headings\" data-id=\"f47f199\" data-element_type=\"widget\" data-settings=\"{&quot;_animation&quot;:&quot;fadeInUp&quot;,&quot;_animation_delay&quot;:200}\" data-widget_type=\"mae-headings.default\">\n\t\t\t\t<div class=\"elementor-widget-container\">\n\t\t\t\t\t\t\t<div class=\"master-heading\">\n\t        \n\t        \t        <h2 class=\"main-heading\"data-splitting>SURGICAL EXPOSURE OF IMPACTED TEETH<\/h2>\n\t        \n\t        \n\t        \t            <div class=\"sub-heading\">Impacted teeth are those that have not erupted at the appropriate time and still remain below the surface of the bone and\/or gums. The cause of this condition may be the improper direction of tooth eruption, insufficient space in the arch, or childhood trauma. The procedure performed by the surgeon involves exposing the impacted tooth and attaching an orthodontic bracket to its surface, which allows the tooth to be moved to the correct position.<\/div>\n\t        \t    <\/div>\n\t    \t\t\t\t<\/div>\n\t\t\t\t<\/div>\n\t\t\t\t<div class=\"elementor-element elementor-element-83550be animated-fast align-center elementor-invisible elementor-widget elementor-widget-mae-headings\" data-id=\"83550be\" data-element_type=\"widget\" data-settings=\"{&quot;_animation&quot;:&quot;fadeInUp&quot;,&quot;_animation_delay&quot;:200}\" data-widget_type=\"mae-headings.default\">\n\t\t\t\t<div class=\"elementor-widget-container\">\n\t\t\t\t\t\t\t<div class=\"master-heading\">\n\t        \n\t        \t        <h2 class=\"main-heading\"data-splitting>CORTICOTOMY - SURGICAL ASSISTANCE FOR ORTHODONTIC TREATMENT<\/h2>\n\t        \n\t        \n\t        \t            <div class=\"sub-heading\">Corticotomy is performed to facilitate tooth movement during specific orthodontic procedures. It is a surgical procedure that can only be done in adults and after the placement of fixed braces. During the surgery, the surgeon vertically incises the bone using piezoelectric surgery, which significantly mobilizes it for remodeling.<\/div>\n\t        \t    <\/div>\n\t    \t\t\t\t<\/div>\n\t\t\t\t<\/div>\n\t\t\t\t<div class=\"elementor-element elementor-element-4dd53d2 animated-fast align-center elementor-invisible elementor-widget elementor-widget-mae-headings\" data-id=\"4dd53d2\" data-element_type=\"widget\" data-settings=\"{&quot;_animation&quot;:&quot;fadeInUp&quot;,&quot;_animation_delay&quot;:200}\" data-widget_type=\"mae-headings.default\">\n\t\t\t\t<div class=\"elementor-widget-container\">\n\t\t\t\t\t\t\t<div class=\"master-heading\">\n\t        \n\t        \t        <h2 class=\"main-heading\"data-splitting>SOFT TISSUE AUGMENTATION<\/h2>\n\t        \n\t        \n\t        \t            <div class=\"sub-heading\">In cases where the patient's teeth are covered with a thin layer of bone and gum before orthodontic treatment, a procedure to thicken the gum tissue must be performed. This allows for safe tooth movement in that area during the therapy.<\/div>\n\t        \t    <\/div>\n\t    \t\t\t\t<\/div>\n\t\t\t\t<\/div>\n\t\t\t\t<div class=\"elementor-element elementor-element-ad31b5a elementor-widget elementor-widget-spacer\" data-id=\"ad31b5a\" data-element_type=\"widget\" data-widget_type=\"spacer.default\">\n\t\t\t\t<div class=\"elementor-widget-container\">\n\t\t\t\t\t\t\t<div class=\"elementor-spacer\">\n\t\t\t<div class=\"elementor-spacer-inner\"><\/div>\n\t\t<\/div>\n\t\t\t\t\t\t<\/div>\n\t\t\t\t<\/div>\n\t\t\t\t\t<\/div>\n\t\t<\/div>\n\t\t\t\t\t<\/div>\n\t\t<\/section>\n\t\t\t\t<\/div>\n\t\t","protected":false},"excerpt":{"rendered":"<p>Sometimes orthodontic treatment requires additional necessary procedures to achieve the desired results. At Kazimierczak Orthodontics and Radiology, we operate in an interdisciplinary manner, and all such procedures are performed on-site,<\/p>\n","protected":false},"author":1,"featured_media":0,"parent":0,"menu_order":0,"comment_status":"closed","ping_status":"closed","template":"","meta":{"footnotes":""},"class_list":["post-11872","page","type-page","status-publish","hentry"],"yoast_head":"<!-- This site is optimized with the Yoast SEO plugin v26.2 - https:\/\/yoast.com\/wordpress\/plugins\/seo\/ -->\n<title>Supportive procedures - Kazimierczak Clinic - Ortodoncja i radiologia<\/title>\n<meta name=\"robots\" content=\"index, follow, max-snippet:-1, max-image-preview:large, max-video-preview:-1\" \/>\n<link rel=\"canonical\" href=\"https:\/\/kazimierczakclinic.pl\/en\/supportive-procedures\/\" \/>\n<meta property=\"og:locale\" content=\"pl_PL\" \/>\n<meta property=\"og:type\" content=\"article\" \/>\n<meta property=\"og:title\" content=\"Supportive procedures - Kazimierczak Clinic - Ortodoncja i radiologia\" \/>\n<meta property=\"og:description\" content=\"Sometimes orthodontic treatment requires additional necessary procedures to achieve the desired results. At Kazimierczak Orthodontics and Radiology, we operate in an interdisciplinary manner, and all such procedures are performed on-site,\" \/>\n<meta property=\"og:url\" content=\"https:\/\/kazimierczakclinic.pl\/en\/supportive-procedures\/\" \/>\n<meta property=\"og:site_name\" content=\"Kazimierczak Clinic - Ortodoncja i radiologia\" \/>\n<meta property=\"article:modified_time\" content=\"2023-11-15T22:17:45+00:00\" \/>\n<meta name=\"twitter:card\" content=\"summary_large_image\" \/>\n<meta name=\"twitter:label1\" content=\"Szacowany czas czytania\" \/>\n\t<meta name=\"twitter:data1\" content=\"3 minuty\" \/>\n<script type=\"application\/ld+json\" class=\"yoast-schema-graph\">{\"@context\":\"https:\/\/schema.org\",\"@graph\":[{\"@type\":\"WebPage\",\"@id\":\"https:\/\/kazimierczakclinic.pl\/en\/supportive-procedures\/\",\"url\":\"https:\/\/kazimierczakclinic.pl\/en\/supportive-procedures\/\",\"name\":\"Supportive procedures - Kazimierczak Clinic - Ortodoncja i radiologia\",\"isPartOf\":{\"@id\":\"https:\/\/kazimierczakclinic.pl\/en\/#website\"},\"datePublished\":\"2023-01-06T14:40:12+00:00\",\"dateModified\":\"2023-11-15T22:17:45+00:00\",\"breadcrumb\":{\"@id\":\"https:\/\/kazimierczakclinic.pl\/en\/supportive-procedures\/#breadcrumb\"},\"inLanguage\":\"pl-PL\",\"potentialAction\":[{\"@type\":\"ReadAction\",\"target\":[\"https:\/\/kazimierczakclinic.pl\/en\/supportive-procedures\/\"]}]},{\"@type\":\"BreadcrumbList\",\"@id\":\"https:\/\/kazimierczakclinic.pl\/en\/supportive-procedures\/#breadcrumb\",\"itemListElement\":[{\"@type\":\"ListItem\",\"position\":1,\"name\":\"Strona g\u0142\u00f3wna\",\"item\":\"https:\/\/kazimierczakclinic.pl\/en\/\"},{\"@type\":\"ListItem\",\"position\":2,\"name\":\"Supportive procedures\"}]},{\"@type\":\"WebSite\",\"@id\":\"https:\/\/kazimierczakclinic.pl\/en\/#website\",\"url\":\"https:\/\/kazimierczakclinic.pl\/en\/\",\"name\":\"Kazimierczak Clinic - Ortodoncja i radiologia\",\"description\":\"\",\"potentialAction\":[{\"@type\":\"SearchAction\",\"target\":{\"@type\":\"EntryPoint\",\"urlTemplate\":\"https:\/\/kazimierczakclinic.pl\/en\/?s={search_term_string}\"},\"query-input\":{\"@type\":\"PropertyValueSpecification\",\"valueRequired\":true,\"valueName\":\"search_term_string\"}}],\"inLanguage\":\"pl-PL\"}]}<\/script>\n<!-- \/ Yoast SEO plugin. -->","yoast_head_json":{"title":"Supportive procedures - Kazimierczak Clinic - Ortodoncja i radiologia","robots":{"index":"index","follow":"follow","max-snippet":"max-snippet:-1","max-image-preview":"max-image-preview:large","max-video-preview":"max-video-preview:-1"},"canonical":"https:\/\/kazimierczakclinic.pl\/en\/supportive-procedures\/","og_locale":"pl_PL","og_type":"article","og_title":"Supportive procedures - Kazimierczak Clinic - Ortodoncja i radiologia","og_description":"Sometimes orthodontic treatment requires additional necessary procedures to achieve the desired results. At Kazimierczak Orthodontics and Radiology, we operate in an interdisciplinary manner, and all such procedures are performed on-site,","og_url":"https:\/\/kazimierczakclinic.pl\/en\/supportive-procedures\/","og_site_name":"Kazimierczak Clinic - Ortodoncja i radiologia","article_modified_time":"2023-11-15T22:17:45+00:00","twitter_card":"summary_large_image","twitter_misc":{"Szacowany czas czytania":"3 minuty"},"schema":{"@context":"https:\/\/schema.org","@graph":[{"@type":"WebPage","@id":"https:\/\/kazimierczakclinic.pl\/en\/supportive-procedures\/","url":"https:\/\/kazimierczakclinic.pl\/en\/supportive-procedures\/","name":"Supportive procedures - Kazimierczak Clinic - Ortodoncja i radiologia","isPartOf":{"@id":"https:\/\/kazimierczakclinic.pl\/en\/#website"},"datePublished":"2023-01-06T14:40:12+00:00","dateModified":"2023-11-15T22:17:45+00:00","breadcrumb":{"@id":"https:\/\/kazimierczakclinic.pl\/en\/supportive-procedures\/#breadcrumb"},"inLanguage":"pl-PL","potentialAction":[{"@type":"ReadAction","target":["https:\/\/kazimierczakclinic.pl\/en\/supportive-procedures\/"]}]},{"@type":"BreadcrumbList","@id":"https:\/\/kazimierczakclinic.pl\/en\/supportive-procedures\/#breadcrumb","itemListElement":[{"@type":"ListItem","position":1,"name":"Strona g\u0142\u00f3wna","item":"https:\/\/kazimierczakclinic.pl\/en\/"},{"@type":"ListItem","position":2,"name":"Supportive procedures"}]},{"@type":"WebSite","@id":"https:\/\/kazimierczakclinic.pl\/en\/#website","url":"https:\/\/kazimierczakclinic.pl\/en\/","name":"Kazimierczak Clinic - Ortodoncja i radiologia","description":"","potentialAction":[{"@type":"SearchAction","target":{"@type":"EntryPoint","urlTemplate":"https:\/\/kazimierczakclinic.pl\/en\/?s={search_term_string}"},"query-input":{"@type":"PropertyValueSpecification","valueRequired":true,"valueName":"search_term_string"}}],"inLanguage":"pl-PL"}]}},"_links":{"self":[{"href":"https:\/\/kazimierczakclinic.pl\/en\/wp-json\/wp\/v2\/pages\/11872","targetHints":{"allow":["GET"]}}],"collection":[{"href":"https:\/\/kazimierczakclinic.pl\/en\/wp-json\/wp\/v2\/pages"}],"about":[{"href":"https:\/\/kazimierczakclinic.pl\/en\/wp-json\/wp\/v2\/types\/page"}],"author":[{"embeddable":true,"href":"https:\/\/kazimierczakclinic.pl\/en\/wp-json\/wp\/v2\/users\/1"}],"replies":[{"embeddable":true,"href":"https:\/\/kazimierczakclinic.pl\/en\/wp-json\/wp\/v2\/comments?post=11872"}],"version-history":[{"count":44,"href":"https:\/\/kazimierczakclinic.pl\/en\/wp-json\/wp\/v2\/pages\/11872\/revisions"}],"predecessor-version":[{"id":13431,"href":"https:\/\/kazimierczakclinic.pl\/en\/wp-json\/wp\/v2\/pages\/11872\/revisions\/13431"}],"wp:attachment":[{"href":"https:\/\/kazimierczakclinic.pl\/en\/wp-json\/wp\/v2\/media?parent=11872"}],"curies":[{"name":"wp","href":"https:\/\/api.w.org\/{rel}","templated":true}]}}